{"id":14616,"date":"2019-03-16T12:09:17","date_gmt":"2019-03-16T10:09:17","guid":{"rendered":"http:\/\/www.sashs-blog.de\/wordpress\/?page_id=14616"},"modified":"2019-03-16T12:09:17","modified_gmt":"2019-03-16T10:09:17","slug":"datenschutzerklaerung","status":"publish","type":"page","link":"https:\/\/www.sashs-blog.de\/wordpress\/datenschutzerklaerung\/","title":{"rendered":"Datenschutzerkl\u00e4rung"},"content":{"rendered":"\n<h4 class=\"wp-block-heading\">f\u00fcr sashs-blog.de<\/h4>\n\n\n\n<h2 class=\"wp-block-heading\">Art der erhobenen Daten<\/h2>\n\n\n\n<h3 class=\"wp-block-heading\">Kommentare<\/h3>\n\n\n\n<p>Wenn Besucher Kommentare auf der Website schreiben, sammelt diese die Daten, die im Kommentar-Formular angezeigt werden, au\u00dferdem die IP-Adresse des Besuchers und den User-Agent-String (damit wird der Browser identifiziert), um die Erkennung von Spam zu unterst\u00fctzen.<\/p>\n\n\n\n<p>Aus der E-Mail-Adresse wird ein anonymisierter Hash erstellt und dem Gravatar-Dienst \u00fcbergeben, um zu pr\u00fcfen, ob du diesen benutzt. Die Datenschutzerkl\u00e4rung des Gravatar-Dienstes findest du hier: https:\/\/automattic.com\/privacy\/. Nachdem der Kommentar freigegeben wurde, ist das Profilbild \u00f6ffentlich im Kontext deines Kommentars sichtbar.<\/p>\n\n\n\n<h3 class=\"wp-block-heading\">Cookies<\/h3>\n\n\n\n<p>Wer einen Kommentar auf dieser Website schreibt, erteilt eine Einwilligung, den Namen, E-Mail-Adresse und Website in Cookies zu speichern. Dies ist eine Komfortfunktion, damit man nichtbei weiteren Kommentaren all diese Daten erneut eingeben musst. Diese Cookies werden ein Jahr lang gespeichert.<\/p>\n\n\n\n<h3 class=\"wp-block-heading\">Eingebettete Inhalte von anderen Websites<\/h3>\n\n\n\n<p>Beitr\u00e4ge auf dieser Website k\u00f6nnen eingebettete Inhalte beinhalten (z.&nbsp;B. Videos, Bilder, Beitr\u00e4ge etc.). Eingebettete Inhalte von anderen Websites verhalten sich exakt so, als ob der Besucher die andere Website besucht h\u00e4tte.<\/p>\n\n\n\n<p>Diese Websites k\u00f6nnen Daten \u00fcber dich sammeln, Cookies benutzen, zus\u00e4tzliche Tracking-Dienste von Dritten einbetten und deine Interaktion mit diesem eingebetteten Inhalt aufzeichnen, inklusive deiner Interaktion mit dem eingebetteten Inhalt, falls du ein Konto hast und auf dieser Website angemeldet bist.<\/p>\n\n\n\n<h2 class=\"wp-block-heading\">Wie lange wir die Daten speichern<\/h2>\n\n\n\n<p>Kommentardaten werden inklusive Metadaten zeitlich unbegrenzt gespeichert, um die Folgediskussion zu erm\u00f6glichen.<\/p>\n\n\n\n<h2 class=\"wp-block-heading\">Deine Rechte an deinen Daten<\/h2>\n\n\n\n<p>Wenn du Kommentare geschrieben hast, kannst du einen Export der personenbezogenen Daten anfordern, inklusive aller Daten, die du uns mitgeteilt hast. Dar\u00fcber hinaus kannst du die L\u00f6schung aller personenbezogenen Daten, die von dir gespeichert sind, anfordern. Dies umfasst nicht die Daten, die wir aufgrund administrativer, rechtlicher oder sicherheitsrelevanter Notwendigkeiten aufbewahren m\u00fcssen.<\/p>\n\n\n\n<h2 class=\"wp-block-heading\">Wohin wir die Daten senden<\/h2>\n\n\n\n<p>Besucher-Kommentare werden von zwei automatisierten Diensten zur Spam-Erkennung untersucht werden: AntiSpam Bee und NoSpamNX<\/p>\n","protected":false},"excerpt":{"rendered":"<p>f\u00fcr sashs-blog.de Art der erhobenen Daten Kommentare Wenn Besucher Kommentare auf der Website schreiben, sammelt diese die Daten, die im Kommentar-Formular angezeigt werden, au\u00dferdem die IP-Adresse des Besuchers und den User-Agent-String (damit wird der Browser identifiziert), um die Erkennung von &hellip; <a href=\"https:\/\/www.sashs-blog.de\/wordpress\/datenschutzerklaerung\/\">Continue reading <span class=\"meta-nav\">&rarr;<\/span><\/a><\/p>\n","protected":false},"author":1,"featured_media":4902,"parent":0,"menu_order":0,"comment_status":"closed","ping_status":"closed","template":"","meta":{"_editorskit_title_hidden":false,"_editorskit_reading_time":0,"_editorskit_is_block_options_detached":false,"_editorskit_block_options_position":"{}","footnotes":""},"class_list":["post-14616","page","type-page","status-publish","has-post-thumbnail","hentry"],"_links":{"self":[{"href":"https:\/\/www.sashs-blog.de\/wordpress\/wp-json\/wp\/v2\/pages\/14616","targetHints":{"allow":["GET"]}}],"collection":[{"href":"https:\/\/www.sashs-blog.de\/wordpress\/wp-json\/wp\/v2\/pages"}],"about":[{"href":"https:\/\/www.sashs-blog.de\/wordpress\/wp-json\/wp\/v2\/types\/page"}],"author":[{"embeddable":true,"href":"https:\/\/www.sashs-blog.de\/wordpress\/wp-json\/wp\/v2\/users\/1"}],"replies":[{"embeddable":true,"href":"https:\/\/www.sashs-blog.de\/wordpress\/wp-json\/wp\/v2\/comments?post=14616"}],"version-history":[{"count":1,"href":"https:\/\/www.sashs-blog.de\/wordpress\/wp-json\/wp\/v2\/pages\/14616\/revisions"}],"predecessor-version":[{"id":14617,"href":"https:\/\/www.sashs-blog.de\/wordpress\/wp-json\/wp\/v2\/pages\/14616\/revisions\/14617"}],"wp:featuredmedia":[{"embeddable":true,"href":"https:\/\/www.sashs-blog.de\/wordpress\/wp-json\/wp\/v2\/media\/4902"}],"wp:attachment":[{"href":"https:\/\/www.sashs-blog.de\/wordpress\/wp-json\/wp\/v2\/media?parent=14616"}],"curies":[{"name":"wp","href":"https:\/\/api.w.org\/{rel}","templated":true}]}}